{"id":1870,"date":"2026-04-02T15:48:37","date_gmt":"2026-04-02T13:48:37","guid":{"rendered":"http:\/\/www.ambacamberne.ch\/?page_id=1870"},"modified":"2026-04-02T15:48:37","modified_gmt":"2026-04-02T13:48:37","slug":"communique-ferie-week-end-pascal","status":"publish","type":"page","link":"http:\/\/www.ambacamberne.ch\/index.php\/communique-ferie-week-end-pascal\/","title":{"rendered":"Communiqu\u00e9 f\u00e9ri\u00e9 week-end pascal"},"content":{"rendered":"\n<div class=\"wp-block-pdf-viewer-block-standard\" style=\"text-align:left\"><div class=\"uploaded-pdf\"><a data-width=\"\" data-height=\"\"><\/a><\/div><\/div>\n\n\n\n<div class=\"wp-block-pdf-viewer-block-standard\" style=\"text-align:left\"><div class=\"uploaded-pdf\"><a href=\"http:\/\/www.ambacamberne.ch\/wp-content\/uploads\/photo-020610\/Communique-feries.pdf\" data-width=\"\" data-height=\"\"><\/a><\/div><\/div>\n\n\n\n<p><a href=\"http:\/\/www.ambacamberne.ch\/wp-content\/uploads\/photo-020610\/Communique-feries.pdf\">http:\/\/www.ambacamberne.ch\/wp-content\/uploads\/photo-020610\/Communique-feries.pdf<\/a><\/p>\n","protected":false},"excerpt":{"rendered":"<p>http:\/\/www.ambacamberne.ch\/wp-content\/uploads\/photo-020610\/Communique-feries.pdf<\/p>\n","protected":false},"author":2,"featured_media":0,"parent":0,"menu_order":0,"comment_status":"closed","ping_status":"closed","template":"","meta":{"_links_to":"","_links_to_target":""},"_links":{"self":[{"href":"http:\/\/www.ambacamberne.ch\/index.php\/wp-json\/wp\/v2\/pages\/1870"}],"collection":[{"href":"http:\/\/www.ambacamberne.ch\/index.php\/wp-json\/wp\/v2\/pages"}],"about":[{"href":"http:\/\/www.ambacamberne.ch\/index.php\/wp-json\/wp\/v2\/types\/page"}],"author":[{"embeddable":true,"href":"http:\/\/www.ambacamberne.ch\/index.php\/wp-json\/wp\/v2\/users\/2"}],"replies":[{"embeddable":true,"href":"http:\/\/www.ambacamberne.ch\/index.php\/wp-json\/wp\/v2\/comments?post=1870"}],"version-history":[{"count":1,"href":"http:\/\/www.ambacamberne.ch\/index.php\/wp-json\/wp\/v2\/pages\/1870\/revisions"}],"predecessor-version":[{"id":1872,"href":"http:\/\/www.ambacamberne.ch\/index.php\/wp-json\/wp\/v2\/pages\/1870\/revisions\/1872"}],"wp:attachment":[{"href":"http:\/\/www.ambacamberne.ch\/index.php\/wp-json\/wp\/v2\/media?parent=1870"}],"curies":[{"name":"wp","href":"https:\/\/api.w.org\/{rel}","templated":true}]}}