{"id":1807,"date":"2026-01-05T15:21:38","date_gmt":"2026-01-05T14:21:38","guid":{"rendered":"http:\/\/www.ambacamberne.ch\/?page_id=1807"},"modified":"2026-01-05T15:21:38","modified_gmt":"2026-01-05T14:21:38","slug":"message-du-chef-de-letat-a-la-nation-du-31-decembre-2025-head-of-states-new-year-message-to-the-nation","status":"publish","type":"page","link":"http:\/\/www.ambacamberne.ch\/index.php\/message-du-chef-de-letat-a-la-nation-du-31-decembre-2025-head-of-states-new-year-message-to-the-nation\/","title":{"rendered":"Message du Chef de l\u2019\u00c9tat \u00e0 la Nation du 31 d\u00e9cembre 2025\/Head of State&#8217;s new year Message to the Nation"},"content":{"rendered":"\n<div class=\"wp-block-pdf-viewer-block-standard\" style=\"text-align:left\"><div class=\"uploaded-pdf\"><a href=\"http:\/\/www.ambacamberne.ch\/wp-content\/uploads\/photo-020610\/Message-du-Chef-de-lEtat-a\u0300-la-Nation-loccasion-de-la-fin-danne\u0301e-2025-et-du-Nouvel-An-2026.pdf\" data-width=\"\" data-height=\"\"><\/a><\/div><\/div>\n\n\n\n<div class=\"wp-block-pdf-viewer-block-standard\" style=\"text-align:left\"><div class=\"uploaded-pdf\"><a href=\"http:\/\/www.ambacamberne.ch\/wp-content\/uploads\/photo-020610\/Head-of-States-New-Year-Message-to-the-Nation.pdf\" data-width=\"\" data-height=\"\"><\/a><\/div><\/div>\n","protected":false},"excerpt":{"rendered":"","protected":false},"author":2,"featured_media":0,"parent":0,"menu_order":0,"comment_status":"closed","ping_status":"closed","template":"","meta":{"_links_to":"","_links_to_target":""},"_links":{"self":[{"href":"http:\/\/www.ambacamberne.ch\/index.php\/wp-json\/wp\/v2\/pages\/1807"}],"collection":[{"href":"http:\/\/www.ambacamberne.ch\/index.php\/wp-json\/wp\/v2\/pages"}],"about":[{"href":"http:\/\/www.ambacamberne.ch\/index.php\/wp-json\/wp\/v2\/types\/page"}],"author":[{"embeddable":true,"href":"http:\/\/www.ambacamberne.ch\/index.php\/wp-json\/wp\/v2\/users\/2"}],"replies":[{"embeddable":true,"href":"http:\/\/www.ambacamberne.ch\/index.php\/wp-json\/wp\/v2\/comments?post=1807"}],"version-history":[{"count":1,"href":"http:\/\/www.ambacamberne.ch\/index.php\/wp-json\/wp\/v2\/pages\/1807\/revisions"}],"predecessor-version":[{"id":1808,"href":"http:\/\/www.ambacamberne.ch\/index.php\/wp-json\/wp\/v2\/pages\/1807\/revisions\/1808"}],"wp:attachment":[{"href":"http:\/\/www.ambacamberne.ch\/index.php\/wp-json\/wp\/v2\/media?parent=1807"}],"curies":[{"name":"wp","href":"https:\/\/api.w.org\/{rel}","templated":true}]}}